{"id":1201,"date":"2019-03-19T15:37:30","date_gmt":"2019-03-19T15:37:30","guid":{"rendered":"http:\/\/tobeit.es\/?page_id=1201"},"modified":"2021-05-21T11:08:39","modified_gmt":"2021-05-21T11:08:39","slug":"application-performance-management-user-experience-management","status":"publish","type":"page","link":"https:\/\/tobeit.es\/ca\/application-performance-management-user-experience-management\/","title":{"rendered":"Application Performance Management \/ User Experience Management"},"content":{"rendered":"","protected":false},"excerpt":{"rendered":"","protected":false},"author":1,"featured_media":0,"parent":0,"menu_order":0,"comment_status":"closed","ping_status":"closed","template":"templates\/dms-template-about-us.php","meta":{"footnotes":""},"class_list":["post-1201","page","type-page","status-publish","hentry"],"yoast_head":"<!-- This site is optimized with the Yoast SEO plugin v25.1 - https:\/\/yoast.com\/wordpress\/plugins\/seo\/ -->\n<title>Application Performance Management \/ User Experience Management - ToBeIT<\/title>\n<meta name=\"description\" content=\"Desde ToBeIT t&#039;ajudem a mesurar la percepci\u00f3 real que els usuaris tenen de les teves aplicacions a trav\u00e9s d&#039;un servei basat en una an\u00e0lisi diferencial.\" \/>\n<meta name=\"robots\" content=\"index, follow, max-snippet:-1, max-image-preview:large, max-video-preview:-1\" \/>\n<link rel=\"canonical\" href=\"https:\/\/tobeit.es\/apmuem\/\" \/>\n<meta property=\"og:locale\" content=\"ca_ES\" \/>\n<meta property=\"og:type\" content=\"article\" \/>\n<meta property=\"og:title\" content=\"Application Performance Management \/ User Experience Management - ToBeIT\" \/>\n<meta property=\"og:description\" content=\"Desde ToBeIT t&#039;ajudem a mesurar la percepci\u00f3 real que els usuaris tenen de les teves aplicacions a trav\u00e9s d&#039;un servei basat en una an\u00e0lisi diferencial.\" \/>\n<meta property=\"og:url\" content=\"https:\/\/tobeit.es\/apmuem\/\" \/>\n<meta property=\"og:site_name\" content=\"ToBeIT\" \/>\n<meta property=\"article:publisher\" content=\"https:\/\/www.facebook.com\/grupotobeit\" \/>\n<meta property=\"article:modified_time\" content=\"2021-05-21T11:08:39+00:00\" \/>\n<meta name=\"twitter:card\" content=\"summary_large_image\" \/>\n<script type=\"application\/ld+json\" class=\"yoast-schema-graph\">{\"@context\":\"https:\/\/schema.org\",\"@graph\":[{\"@type\":\"WebPage\",\"@id\":\"https:\/\/tobeit.es\/apmuem\/\",\"url\":\"https:\/\/tobeit.es\/apmuem\/\",\"name\":\"Application Performance Management \/ User Experience Management - ToBeIT\",\"isPartOf\":{\"@id\":\"https:\/\/tobeit.es\/#website\"},\"datePublished\":\"2019-03-19T15:37:30+00:00\",\"dateModified\":\"2021-05-21T11:08:39+00:00\",\"description\":\"Desde ToBeIT t'ajudem a mesurar la percepci\u00f3 real que els usuaris tenen de les teves aplicacions a trav\u00e9s d'un servei basat en una an\u00e0lisi diferencial.\",\"breadcrumb\":{\"@id\":\"https:\/\/tobeit.es\/apmuem\/#breadcrumb\"},\"inLanguage\":\"ca\",\"potentialAction\":[{\"@type\":\"ReadAction\",\"target\":[\"https:\/\/tobeit.es\/apmuem\/\"]}]},{\"@type\":\"BreadcrumbList\",\"@id\":\"https:\/\/tobeit.es\/apmuem\/#breadcrumb\",\"itemListElement\":[{\"@type\":\"ListItem\",\"position\":1,\"name\":\"Portada\",\"item\":\"https:\/\/tobeit.es\/\"},{\"@type\":\"ListItem\",\"position\":2,\"name\":\"Application Performance Management \/ User Experience Management\"}]},{\"@type\":\"WebSite\",\"@id\":\"https:\/\/tobeit.es\/#website\",\"url\":\"https:\/\/tobeit.es\/\",\"name\":\"ToBeIT\",\"description\":\"Solucions, serveis i seguretat IT\",\"potentialAction\":[{\"@type\":\"SearchAction\",\"target\":{\"@type\":\"EntryPoint\",\"urlTemplate\":\"https:\/\/tobeit.es\/?s={search_term_string}\"},\"query-input\":{\"@type\":\"PropertyValueSpecification\",\"valueRequired\":true,\"valueName\":\"search_term_string\"}}],\"inLanguage\":\"ca\"}]}<\/script>\n<!-- \/ Yoast SEO plugin. -->","yoast_head_json":{"title":"Application Performance Management \/ User Experience Management - ToBeIT","description":"Desde ToBeIT t'ajudem a mesurar la percepci\u00f3 real que els usuaris tenen de les teves aplicacions a trav\u00e9s d'un servei basat en una an\u00e0lisi diferencial.","robots":{"index":"index","follow":"follow","max-snippet":"max-snippet:-1","max-image-preview":"max-image-preview:large","max-video-preview":"max-video-preview:-1"},"canonical":"https:\/\/tobeit.es\/apmuem\/","og_locale":"ca_ES","og_type":"article","og_title":"Application Performance Management \/ User Experience Management - ToBeIT","og_description":"Desde ToBeIT t'ajudem a mesurar la percepci\u00f3 real que els usuaris tenen de les teves aplicacions a trav\u00e9s d'un servei basat en una an\u00e0lisi diferencial.","og_url":"https:\/\/tobeit.es\/apmuem\/","og_site_name":"ToBeIT","article_publisher":"https:\/\/www.facebook.com\/grupotobeit","article_modified_time":"2021-05-21T11:08:39+00:00","twitter_card":"summary_large_image","schema":{"@context":"https:\/\/schema.org","@graph":[{"@type":"WebPage","@id":"https:\/\/tobeit.es\/apmuem\/","url":"https:\/\/tobeit.es\/apmuem\/","name":"Application Performance Management \/ User Experience Management - ToBeIT","isPartOf":{"@id":"https:\/\/tobeit.es\/#website"},"datePublished":"2019-03-19T15:37:30+00:00","dateModified":"2021-05-21T11:08:39+00:00","description":"Desde ToBeIT t'ajudem a mesurar la percepci\u00f3 real que els usuaris tenen de les teves aplicacions a trav\u00e9s d'un servei basat en una an\u00e0lisi diferencial.","breadcrumb":{"@id":"https:\/\/tobeit.es\/apmuem\/#breadcrumb"},"inLanguage":"ca","potentialAction":[{"@type":"ReadAction","target":["https:\/\/tobeit.es\/apmuem\/"]}]},{"@type":"BreadcrumbList","@id":"https:\/\/tobeit.es\/apmuem\/#breadcrumb","itemListElement":[{"@type":"ListItem","position":1,"name":"Portada","item":"https:\/\/tobeit.es\/"},{"@type":"ListItem","position":2,"name":"Application Performance Management \/ User Experience Management"}]},{"@type":"WebSite","@id":"https:\/\/tobeit.es\/#website","url":"https:\/\/tobeit.es\/","name":"ToBeIT","description":"Solucions, serveis i seguretat IT","potentialAction":[{"@type":"SearchAction","target":{"@type":"EntryPoint","urlTemplate":"https:\/\/tobeit.es\/?s={search_term_string}"},"query-input":{"@type":"PropertyValueSpecification","valueRequired":true,"valueName":"search_term_string"}}],"inLanguage":"ca"}]}},"_links":{"self":[{"href":"https:\/\/tobeit.es\/ca\/wp-json\/wp\/v2\/pages\/1201","targetHints":{"allow":["GET"]}}],"collection":[{"href":"https:\/\/tobeit.es\/ca\/wp-json\/wp\/v2\/pages"}],"about":[{"href":"https:\/\/tobeit.es\/ca\/wp-json\/wp\/v2\/types\/page"}],"author":[{"embeddable":true,"href":"https:\/\/tobeit.es\/ca\/wp-json\/wp\/v2\/users\/1"}],"replies":[{"embeddable":true,"href":"https:\/\/tobeit.es\/ca\/wp-json\/wp\/v2\/comments?post=1201"}],"version-history":[{"count":12,"href":"https:\/\/tobeit.es\/ca\/wp-json\/wp\/v2\/pages\/1201\/revisions"}],"predecessor-version":[{"id":1397,"href":"https:\/\/tobeit.es\/ca\/wp-json\/wp\/v2\/pages\/1201\/revisions\/1397"}],"wp:attachment":[{"href":"https:\/\/tobeit.es\/ca\/wp-json\/wp\/v2\/media?parent=1201"}],"curies":[{"name":"wp","href":"https:\/\/api.w.org\/{rel}","templated":true}]}}