{"id":1465,"date":"2020-03-10T14:27:51","date_gmt":"2020-03-10T14:27:51","guid":{"rendered":"http:\/\/tobeit.es\/?page_id=1465"},"modified":"2025-09-19T10:50:33","modified_gmt":"2025-09-19T10:50:33","slug":"it-governance","status":"publish","type":"page","link":"https:\/\/tobeit.es\/ca\/it-governance\/","title":{"rendered":"IT Governance"},"content":{"rendered":"","protected":false},"excerpt":{"rendered":"","protected":false},"author":1,"featured_media":0,"parent":0,"menu_order":0,"comment_status":"closed","ping_status":"closed","template":"templates\/dms-template-new-service.php","meta":{"footnotes":""},"class_list":["post-1465","page","type-page","status-publish","hentry"],"yoast_head":"<!-- This site is optimized with the Yoast SEO plugin v25.1 - https:\/\/yoast.com\/wordpress\/plugins\/seo\/ -->\n<title>IT Governance - ToBeIT<\/title>\n<meta name=\"description\" content=\"A ToBeITgestionem el sistema d&#039;incid\u00e8ncies inform\u00e0tiques internes de la teva empresa amb els nostres serveis i solucions espec\u00edfics.\" \/>\n<meta name=\"robots\" content=\"index, follow, max-snippet:-1, max-image-preview:large, max-video-preview:-1\" \/>\n<link rel=\"canonical\" href=\"https:\/\/tobeit.es\/it-governance\/\" \/>\n<meta property=\"og:locale\" content=\"ca_ES\" \/>\n<meta property=\"og:type\" content=\"article\" \/>\n<meta property=\"og:title\" content=\"IT Governance - ToBeIT\" \/>\n<meta property=\"og:description\" content=\"A ToBeITgestionem el sistema d&#039;incid\u00e8ncies inform\u00e0tiques internes de la teva empresa amb els nostres serveis i solucions espec\u00edfics.\" \/>\n<meta property=\"og:url\" content=\"https:\/\/tobeit.es\/it-governance\/\" \/>\n<meta property=\"og:site_name\" content=\"ToBeIT\" \/>\n<meta property=\"article:publisher\" content=\"https:\/\/www.facebook.com\/grupotobeit\" \/>\n<meta property=\"article:modified_time\" content=\"2025-09-19T10:50:33+00:00\" \/>\n<meta name=\"twitter:card\" content=\"summary_large_image\" \/>\n<script type=\"application\/ld+json\" class=\"yoast-schema-graph\">{\"@context\":\"https:\/\/schema.org\",\"@graph\":[{\"@type\":\"WebPage\",\"@id\":\"https:\/\/tobeit.es\/it-governance\/\",\"url\":\"https:\/\/tobeit.es\/it-governance\/\",\"name\":\"IT Governance - ToBeIT\",\"isPartOf\":{\"@id\":\"https:\/\/tobeit.es\/#website\"},\"datePublished\":\"2020-03-10T14:27:51+00:00\",\"dateModified\":\"2025-09-19T10:50:33+00:00\",\"description\":\"A ToBeITgestionem el sistema d'incid\u00e8ncies inform\u00e0tiques internes de la teva empresa amb els nostres serveis i solucions espec\u00edfics.\",\"breadcrumb\":{\"@id\":\"https:\/\/tobeit.es\/it-governance\/#breadcrumb\"},\"inLanguage\":\"ca\",\"potentialAction\":[{\"@type\":\"ReadAction\",\"target\":[\"https:\/\/tobeit.es\/it-governance\/\"]}]},{\"@type\":\"BreadcrumbList\",\"@id\":\"https:\/\/tobeit.es\/it-governance\/#breadcrumb\",\"itemListElement\":[{\"@type\":\"ListItem\",\"position\":1,\"name\":\"Portada\",\"item\":\"https:\/\/tobeit.es\/\"},{\"@type\":\"ListItem\",\"position\":2,\"name\":\"IT Governance\"}]},{\"@type\":\"WebSite\",\"@id\":\"https:\/\/tobeit.es\/#website\",\"url\":\"https:\/\/tobeit.es\/\",\"name\":\"ToBeIT\",\"description\":\"Solucions, serveis i seguretat IT\",\"potentialAction\":[{\"@type\":\"SearchAction\",\"target\":{\"@type\":\"EntryPoint\",\"urlTemplate\":\"https:\/\/tobeit.es\/?s={search_term_string}\"},\"query-input\":{\"@type\":\"PropertyValueSpecification\",\"valueRequired\":true,\"valueName\":\"search_term_string\"}}],\"inLanguage\":\"ca\"}]}<\/script>\n<!-- \/ Yoast SEO plugin. -->","yoast_head_json":{"title":"IT Governance - ToBeIT","description":"A ToBeITgestionem el sistema d'incid\u00e8ncies inform\u00e0tiques internes de la teva empresa amb els nostres serveis i solucions espec\u00edfics.","robots":{"index":"index","follow":"follow","max-snippet":"max-snippet:-1","max-image-preview":"max-image-preview:large","max-video-preview":"max-video-preview:-1"},"canonical":"https:\/\/tobeit.es\/it-governance\/","og_locale":"ca_ES","og_type":"article","og_title":"IT Governance - ToBeIT","og_description":"A ToBeITgestionem el sistema d'incid\u00e8ncies inform\u00e0tiques internes de la teva empresa amb els nostres serveis i solucions espec\u00edfics.","og_url":"https:\/\/tobeit.es\/it-governance\/","og_site_name":"ToBeIT","article_publisher":"https:\/\/www.facebook.com\/grupotobeit","article_modified_time":"2025-09-19T10:50:33+00:00","twitter_card":"summary_large_image","schema":{"@context":"https:\/\/schema.org","@graph":[{"@type":"WebPage","@id":"https:\/\/tobeit.es\/it-governance\/","url":"https:\/\/tobeit.es\/it-governance\/","name":"IT Governance - ToBeIT","isPartOf":{"@id":"https:\/\/tobeit.es\/#website"},"datePublished":"2020-03-10T14:27:51+00:00","dateModified":"2025-09-19T10:50:33+00:00","description":"A ToBeITgestionem el sistema d'incid\u00e8ncies inform\u00e0tiques internes de la teva empresa amb els nostres serveis i solucions espec\u00edfics.","breadcrumb":{"@id":"https:\/\/tobeit.es\/it-governance\/#breadcrumb"},"inLanguage":"ca","potentialAction":[{"@type":"ReadAction","target":["https:\/\/tobeit.es\/it-governance\/"]}]},{"@type":"BreadcrumbList","@id":"https:\/\/tobeit.es\/it-governance\/#breadcrumb","itemListElement":[{"@type":"ListItem","position":1,"name":"Portada","item":"https:\/\/tobeit.es\/"},{"@type":"ListItem","position":2,"name":"IT Governance"}]},{"@type":"WebSite","@id":"https:\/\/tobeit.es\/#website","url":"https:\/\/tobeit.es\/","name":"ToBeIT","description":"Solucions, serveis i seguretat IT","potentialAction":[{"@type":"SearchAction","target":{"@type":"EntryPoint","urlTemplate":"https:\/\/tobeit.es\/?s={search_term_string}"},"query-input":{"@type":"PropertyValueSpecification","valueRequired":true,"valueName":"search_term_string"}}],"inLanguage":"ca"}]}},"_links":{"self":[{"href":"https:\/\/tobeit.es\/ca\/wp-json\/wp\/v2\/pages\/1465","targetHints":{"allow":["GET"]}}],"collection":[{"href":"https:\/\/tobeit.es\/ca\/wp-json\/wp\/v2\/pages"}],"about":[{"href":"https:\/\/tobeit.es\/ca\/wp-json\/wp\/v2\/types\/page"}],"author":[{"embeddable":true,"href":"https:\/\/tobeit.es\/ca\/wp-json\/wp\/v2\/users\/1"}],"replies":[{"embeddable":true,"href":"https:\/\/tobeit.es\/ca\/wp-json\/wp\/v2\/comments?post=1465"}],"version-history":[{"count":35,"href":"https:\/\/tobeit.es\/ca\/wp-json\/wp\/v2\/pages\/1465\/revisions"}],"predecessor-version":[{"id":33391,"href":"https:\/\/tobeit.es\/ca\/wp-json\/wp\/v2\/pages\/1465\/revisions\/33391"}],"wp:attachment":[{"href":"https:\/\/tobeit.es\/ca\/wp-json\/wp\/v2\/media?parent=1465"}],"curies":[{"name":"wp","href":"https:\/\/api.w.org\/{rel}","templated":true}]}}