{"id":16,"date":"2016-10-20T10:59:53","date_gmt":"2016-10-20T10:59:53","guid":{"rendered":"http:\/\/localhost:8080\/tobeit\/?page_id=16"},"modified":"2023-07-24T13:42:44","modified_gmt":"2023-07-24T13:42:44","slug":"blog","status":"publish","type":"page","link":"https:\/\/tobeit.es\/ca\/blog\/","title":{"rendered":"Blog"},"content":{"rendered":"","protected":false},"excerpt":{"rendered":"","protected":false},"author":1,"featured_media":0,"parent":0,"menu_order":0,"comment_status":"closed","ping_status":"closed","template":"templates\/dms-template-new-blog.php","meta":{"footnotes":""},"class_list":["post-16","page","type-page","status-publish","hentry"],"yoast_head":"<!-- This site is optimized with the Yoast SEO plugin v25.1 - https:\/\/yoast.com\/wordpress\/plugins\/seo\/ -->\n<title>Blog - ToBeIT<\/title>\n<meta name=\"description\" content=\"En aquesta p\u00e0gina podr\u00e0s consultar totes les not\u00edcies referents a ToBeIT i mantenir-te informat de totes les novetats del sector.\" \/>\n<meta name=\"robots\" content=\"index, follow, max-snippet:-1, max-image-preview:large, max-video-preview:-1\" \/>\n<link rel=\"canonical\" href=\"https:\/\/tobeit.es\/blog\/\" \/>\n<meta property=\"og:locale\" content=\"ca_ES\" \/>\n<meta property=\"og:type\" content=\"article\" \/>\n<meta property=\"og:title\" content=\"Blog - ToBeIT\" \/>\n<meta property=\"og:description\" content=\"En aquesta p\u00e0gina podr\u00e0s consultar totes les not\u00edcies referents a ToBeIT i mantenir-te informat de totes les novetats del sector.\" \/>\n<meta property=\"og:url\" content=\"https:\/\/tobeit.es\/blog\/\" \/>\n<meta property=\"og:site_name\" content=\"ToBeIT\" \/>\n<meta property=\"article:publisher\" content=\"https:\/\/www.facebook.com\/grupotobeit\" \/>\n<meta property=\"article:modified_time\" content=\"2023-07-24T13:42:44+00:00\" \/>\n<meta name=\"twitter:card\" content=\"summary_large_image\" \/>\n<script type=\"application\/ld+json\" class=\"yoast-schema-graph\">{\"@context\":\"https:\/\/schema.org\",\"@graph\":[{\"@type\":\"WebPage\",\"@id\":\"https:\/\/tobeit.es\/blog\/\",\"url\":\"https:\/\/tobeit.es\/blog\/\",\"name\":\"Blog - ToBeIT\",\"isPartOf\":{\"@id\":\"https:\/\/tobeit.es\/#website\"},\"datePublished\":\"2016-10-20T10:59:53+00:00\",\"dateModified\":\"2023-07-24T13:42:44+00:00\",\"description\":\"En aquesta p\u00e0gina podr\u00e0s consultar totes les not\u00edcies referents a ToBeIT i mantenir-te informat de totes les novetats del sector.\",\"breadcrumb\":{\"@id\":\"https:\/\/tobeit.es\/blog\/#breadcrumb\"},\"inLanguage\":\"ca\",\"potentialAction\":[{\"@type\":\"ReadAction\",\"target\":[\"https:\/\/tobeit.es\/blog\/\"]}]},{\"@type\":\"BreadcrumbList\",\"@id\":\"https:\/\/tobeit.es\/blog\/#breadcrumb\",\"itemListElement\":[{\"@type\":\"ListItem\",\"position\":1,\"name\":\"Portada\",\"item\":\"https:\/\/tobeit.es\/\"},{\"@type\":\"ListItem\",\"position\":2,\"name\":\"Blog\"}]},{\"@type\":\"WebSite\",\"@id\":\"https:\/\/tobeit.es\/#website\",\"url\":\"https:\/\/tobeit.es\/\",\"name\":\"ToBeIT\",\"description\":\"Solucions, serveis i seguretat IT\",\"potentialAction\":[{\"@type\":\"SearchAction\",\"target\":{\"@type\":\"EntryPoint\",\"urlTemplate\":\"https:\/\/tobeit.es\/?s={search_term_string}\"},\"query-input\":{\"@type\":\"PropertyValueSpecification\",\"valueRequired\":true,\"valueName\":\"search_term_string\"}}],\"inLanguage\":\"ca\"}]}<\/script>\n<!-- \/ Yoast SEO plugin. -->","yoast_head_json":{"title":"Blog - ToBeIT","description":"En aquesta p\u00e0gina podr\u00e0s consultar totes les not\u00edcies referents a ToBeIT i mantenir-te informat de totes les novetats del sector.","robots":{"index":"index","follow":"follow","max-snippet":"max-snippet:-1","max-image-preview":"max-image-preview:large","max-video-preview":"max-video-preview:-1"},"canonical":"https:\/\/tobeit.es\/blog\/","og_locale":"ca_ES","og_type":"article","og_title":"Blog - ToBeIT","og_description":"En aquesta p\u00e0gina podr\u00e0s consultar totes les not\u00edcies referents a ToBeIT i mantenir-te informat de totes les novetats del sector.","og_url":"https:\/\/tobeit.es\/blog\/","og_site_name":"ToBeIT","article_publisher":"https:\/\/www.facebook.com\/grupotobeit","article_modified_time":"2023-07-24T13:42:44+00:00","twitter_card":"summary_large_image","schema":{"@context":"https:\/\/schema.org","@graph":[{"@type":"WebPage","@id":"https:\/\/tobeit.es\/blog\/","url":"https:\/\/tobeit.es\/blog\/","name":"Blog - ToBeIT","isPartOf":{"@id":"https:\/\/tobeit.es\/#website"},"datePublished":"2016-10-20T10:59:53+00:00","dateModified":"2023-07-24T13:42:44+00:00","description":"En aquesta p\u00e0gina podr\u00e0s consultar totes les not\u00edcies referents a ToBeIT i mantenir-te informat de totes les novetats del sector.","breadcrumb":{"@id":"https:\/\/tobeit.es\/blog\/#breadcrumb"},"inLanguage":"ca","potentialAction":[{"@type":"ReadAction","target":["https:\/\/tobeit.es\/blog\/"]}]},{"@type":"BreadcrumbList","@id":"https:\/\/tobeit.es\/blog\/#breadcrumb","itemListElement":[{"@type":"ListItem","position":1,"name":"Portada","item":"https:\/\/tobeit.es\/"},{"@type":"ListItem","position":2,"name":"Blog"}]},{"@type":"WebSite","@id":"https:\/\/tobeit.es\/#website","url":"https:\/\/tobeit.es\/","name":"ToBeIT","description":"Solucions, serveis i seguretat IT","potentialAction":[{"@type":"SearchAction","target":{"@type":"EntryPoint","urlTemplate":"https:\/\/tobeit.es\/?s={search_term_string}"},"query-input":{"@type":"PropertyValueSpecification","valueRequired":true,"valueName":"search_term_string"}}],"inLanguage":"ca"}]}},"_links":{"self":[{"href":"https:\/\/tobeit.es\/ca\/wp-json\/wp\/v2\/pages\/16","targetHints":{"allow":["GET"]}}],"collection":[{"href":"https:\/\/tobeit.es\/ca\/wp-json\/wp\/v2\/pages"}],"about":[{"href":"https:\/\/tobeit.es\/ca\/wp-json\/wp\/v2\/types\/page"}],"author":[{"embeddable":true,"href":"https:\/\/tobeit.es\/ca\/wp-json\/wp\/v2\/users\/1"}],"replies":[{"embeddable":true,"href":"https:\/\/tobeit.es\/ca\/wp-json\/wp\/v2\/comments?post=16"}],"version-history":[{"count":6,"href":"https:\/\/tobeit.es\/ca\/wp-json\/wp\/v2\/pages\/16\/revisions"}],"predecessor-version":[{"id":5268,"href":"https:\/\/tobeit.es\/ca\/wp-json\/wp\/v2\/pages\/16\/revisions\/5268"}],"wp:attachment":[{"href":"https:\/\/tobeit.es\/ca\/wp-json\/wp\/v2\/media?parent=16"}],"curies":[{"name":"wp","href":"https:\/\/api.w.org\/{rel}","templated":true}]}}