{"id":2489,"date":"2021-10-11T14:25:40","date_gmt":"2021-10-11T14:25:40","guid":{"rendered":"https:\/\/tobeit.es\/?page_id=2489"},"modified":"2025-09-19T10:53:41","modified_gmt":"2025-09-19T10:53:41","slug":"servicedesk-plus","status":"publish","type":"page","link":"https:\/\/tobeit.es\/ca\/eines-de-help-desk-servicedesk-plus\/","title":{"rendered":"ServiceDesk Plus"},"content":{"rendered":"","protected":false},"excerpt":{"rendered":"","protected":false},"author":1,"featured_media":0,"parent":0,"menu_order":0,"comment_status":"closed","ping_status":"closed","template":"templates\/dms-template-new-service.php","meta":{"footnotes":""},"class_list":["post-2489","page","type-page","status-publish","hentry"],"yoast_head":"<!-- This site is optimized with the Yoast SEO plugin v25.1 - https:\/\/yoast.com\/wordpress\/plugins\/seo\/ -->\n<title>Herramientas de Help Desk de ServiceDesk Plus - ToBeIT<\/title>\n<meta name=\"description\" content=\"Descobreix ServiceDesk Plus, l&#039;eina de Help Desk per potenciar l&#039;assist\u00e8ncia t\u00e8cnica i gesti\u00f3 d&#039;actius de la teva empresa\" \/>\n<meta name=\"robots\" content=\"index, follow, max-snippet:-1, max-image-preview:large, max-video-preview:-1\" \/>\n<link rel=\"canonical\" href=\"https:\/\/tobeit.es\/herramientas-de-help-desk-servicedesk-plus\/\" \/>\n<meta property=\"og:locale\" content=\"ca_ES\" \/>\n<meta property=\"og:type\" content=\"article\" \/>\n<meta property=\"og:title\" content=\"Herramientas de Help Desk de ServiceDesk Plus - ToBeIT\" \/>\n<meta property=\"og:description\" content=\"Descobreix ServiceDesk Plus, l&#039;eina de Help Desk per potenciar l&#039;assist\u00e8ncia t\u00e8cnica i gesti\u00f3 d&#039;actius de la teva empresa\" \/>\n<meta property=\"og:url\" content=\"https:\/\/tobeit.es\/herramientas-de-help-desk-servicedesk-plus\/\" \/>\n<meta property=\"og:site_name\" content=\"ToBeIT\" \/>\n<meta property=\"article:publisher\" content=\"https:\/\/www.facebook.com\/grupotobeit\" \/>\n<meta property=\"article:modified_time\" content=\"2025-09-19T10:53:41+00:00\" \/>\n<meta name=\"twitter:card\" content=\"summary_large_image\" \/>\n<script type=\"application\/ld+json\" class=\"yoast-schema-graph\">{\"@context\":\"https:\/\/schema.org\",\"@graph\":[{\"@type\":\"WebPage\",\"@id\":\"https:\/\/tobeit.es\/herramientas-de-help-desk-servicedesk-plus\/\",\"url\":\"https:\/\/tobeit.es\/herramientas-de-help-desk-servicedesk-plus\/\",\"name\":\"Herramientas de Help Desk de ServiceDesk Plus - ToBeIT\",\"isPartOf\":{\"@id\":\"https:\/\/tobeit.es\/#website\"},\"datePublished\":\"2021-10-11T14:25:40+00:00\",\"dateModified\":\"2025-09-19T10:53:41+00:00\",\"description\":\"Descobreix ServiceDesk Plus, l'eina de Help Desk per potenciar l'assist\u00e8ncia t\u00e8cnica i gesti\u00f3 d'actius de la teva empresa\",\"breadcrumb\":{\"@id\":\"https:\/\/tobeit.es\/herramientas-de-help-desk-servicedesk-plus\/#breadcrumb\"},\"inLanguage\":\"ca\",\"potentialAction\":[{\"@type\":\"ReadAction\",\"target\":[\"https:\/\/tobeit.es\/herramientas-de-help-desk-servicedesk-plus\/\"]}]},{\"@type\":\"BreadcrumbList\",\"@id\":\"https:\/\/tobeit.es\/herramientas-de-help-desk-servicedesk-plus\/#breadcrumb\",\"itemListElement\":[{\"@type\":\"ListItem\",\"position\":1,\"name\":\"Portada\",\"item\":\"https:\/\/tobeit.es\/\"},{\"@type\":\"ListItem\",\"position\":2,\"name\":\"ServiceDesk Plus\"}]},{\"@type\":\"WebSite\",\"@id\":\"https:\/\/tobeit.es\/#website\",\"url\":\"https:\/\/tobeit.es\/\",\"name\":\"ToBeIT\",\"description\":\"Solucions, serveis i seguretat IT\",\"potentialAction\":[{\"@type\":\"SearchAction\",\"target\":{\"@type\":\"EntryPoint\",\"urlTemplate\":\"https:\/\/tobeit.es\/?s={search_term_string}\"},\"query-input\":{\"@type\":\"PropertyValueSpecification\",\"valueRequired\":true,\"valueName\":\"search_term_string\"}}],\"inLanguage\":\"ca\"}]}<\/script>\n<!-- \/ Yoast SEO plugin. -->","yoast_head_json":{"title":"Herramientas de Help Desk de ServiceDesk Plus - ToBeIT","description":"Descobreix ServiceDesk Plus, l'eina de Help Desk per potenciar l'assist\u00e8ncia t\u00e8cnica i gesti\u00f3 d'actius de la teva empresa","robots":{"index":"index","follow":"follow","max-snippet":"max-snippet:-1","max-image-preview":"max-image-preview:large","max-video-preview":"max-video-preview:-1"},"canonical":"https:\/\/tobeit.es\/herramientas-de-help-desk-servicedesk-plus\/","og_locale":"ca_ES","og_type":"article","og_title":"Herramientas de Help Desk de ServiceDesk Plus - ToBeIT","og_description":"Descobreix ServiceDesk Plus, l'eina de Help Desk per potenciar l'assist\u00e8ncia t\u00e8cnica i gesti\u00f3 d'actius de la teva empresa","og_url":"https:\/\/tobeit.es\/herramientas-de-help-desk-servicedesk-plus\/","og_site_name":"ToBeIT","article_publisher":"https:\/\/www.facebook.com\/grupotobeit","article_modified_time":"2025-09-19T10:53:41+00:00","twitter_card":"summary_large_image","schema":{"@context":"https:\/\/schema.org","@graph":[{"@type":"WebPage","@id":"https:\/\/tobeit.es\/herramientas-de-help-desk-servicedesk-plus\/","url":"https:\/\/tobeit.es\/herramientas-de-help-desk-servicedesk-plus\/","name":"Herramientas de Help Desk de ServiceDesk Plus - ToBeIT","isPartOf":{"@id":"https:\/\/tobeit.es\/#website"},"datePublished":"2021-10-11T14:25:40+00:00","dateModified":"2025-09-19T10:53:41+00:00","description":"Descobreix ServiceDesk Plus, l'eina de Help Desk per potenciar l'assist\u00e8ncia t\u00e8cnica i gesti\u00f3 d'actius de la teva empresa","breadcrumb":{"@id":"https:\/\/tobeit.es\/herramientas-de-help-desk-servicedesk-plus\/#breadcrumb"},"inLanguage":"ca","potentialAction":[{"@type":"ReadAction","target":["https:\/\/tobeit.es\/herramientas-de-help-desk-servicedesk-plus\/"]}]},{"@type":"BreadcrumbList","@id":"https:\/\/tobeit.es\/herramientas-de-help-desk-servicedesk-plus\/#breadcrumb","itemListElement":[{"@type":"ListItem","position":1,"name":"Portada","item":"https:\/\/tobeit.es\/"},{"@type":"ListItem","position":2,"name":"ServiceDesk Plus"}]},{"@type":"WebSite","@id":"https:\/\/tobeit.es\/#website","url":"https:\/\/tobeit.es\/","name":"ToBeIT","description":"Solucions, serveis i seguretat IT","potentialAction":[{"@type":"SearchAction","target":{"@type":"EntryPoint","urlTemplate":"https:\/\/tobeit.es\/?s={search_term_string}"},"query-input":{"@type":"PropertyValueSpecification","valueRequired":true,"valueName":"search_term_string"}}],"inLanguage":"ca"}]}},"_links":{"self":[{"href":"https:\/\/tobeit.es\/ca\/wp-json\/wp\/v2\/pages\/2489","targetHints":{"allow":["GET"]}}],"collection":[{"href":"https:\/\/tobeit.es\/ca\/wp-json\/wp\/v2\/pages"}],"about":[{"href":"https:\/\/tobeit.es\/ca\/wp-json\/wp\/v2\/types\/page"}],"author":[{"embeddable":true,"href":"https:\/\/tobeit.es\/ca\/wp-json\/wp\/v2\/users\/1"}],"replies":[{"embeddable":true,"href":"https:\/\/tobeit.es\/ca\/wp-json\/wp\/v2\/comments?post=2489"}],"version-history":[{"count":51,"href":"https:\/\/tobeit.es\/ca\/wp-json\/wp\/v2\/pages\/2489\/revisions"}],"predecessor-version":[{"id":33396,"href":"https:\/\/tobeit.es\/ca\/wp-json\/wp\/v2\/pages\/2489\/revisions\/33396"}],"wp:attachment":[{"href":"https:\/\/tobeit.es\/ca\/wp-json\/wp\/v2\/media?parent=2489"}],"curies":[{"name":"wp","href":"https:\/\/api.w.org\/{rel}","templated":true}]}}