{"id":4526,"date":"2023-01-30T07:53:41","date_gmt":"2023-01-30T07:53:41","guid":{"rendered":"https:\/\/tobeit.es\/?page_id=4526"},"modified":"2024-04-03T13:08:17","modified_gmt":"2024-04-03T13:08:17","slug":"certificado-seguridad","status":"publish","type":"page","link":"https:\/\/tobeit.es\/ca\/certificat-seguretat\/","title":{"rendered":"Certificat Seguretat"},"content":{"rendered":"<h2 style=\"text-align: center;\">CERTIFICADO DE CALIFICACI\u00d3N DEL NIVEL DE SEGURIDAD RESPECTO AL ENS<\/h2>\n<p>&nbsp;<\/p>\n<p>JOS\u00c9 MIGUEL APARICIO SERRANO, con NIF 22693106H, en representaci\u00f3n de IDEAS NORMATIVAS, S. L., con NIF B98832330 y domicilio fiscal situado en DR. VICENTE ZARAGOZ\u00c1, 1 . 2 . 5 46020 VALENCIA (Val\u00e8ncia), como empresa consultora de privacidad de TOBEIT, S. L., con NIF B66311341 y domicilio fiscal situado en Mallorca 272, 5\u00ba 6\u00aa, 08037 Barcelona, con contrato vigente de asesoramiento, adaptaci\u00f3n, mantenimiento y actualizaci\u00f3n a las normativas de privacidad que les afecten.<\/p>\n<p>&nbsp;<\/p>\n<p style=\"text-align: center;\"><strong>CERTIFICA<\/strong><\/p>\n<p><strong>1. Cumplimiento normativo GDPR &#8211; LOPDGDD<\/strong><\/p>\n<p>De conformidad con lo dispuesto en el Reglamento (UE) 2016\/679, de 27 de abril (GDPR), y la Ley Org\u00e1nica 3\/2018, de 5 de diciembre (LOPDGDD), IDEAS NORMATIVAS, S. L. est\u00e1 cumpliendo con todas las disposiciones del GDPR para el tratamiento de los datos personales de su responsabilidad, y manifiestamente con los principios descritos en el art\u00edculo 5 del GDPR, por los cuales son tratados de manera l\u00edcita, leal y transparente en relaci\u00f3n con el interesado y adecuados, pertinentes y limitados a lo necesario en relaci\u00f3n con los fines para los que son tratados.<\/p>\n<p>IDEAS NORMATIVAS, S. L. garantiza que ha implementado pol\u00edticas t\u00e9cnicas y organizativas apropiadas para aplicar las medidas de seguridad que establece el art\u00edculo 32 del GDPR con el fin de proteger los derechos y libertades de los interesados y les ha comunicado la informaci\u00f3n adecuada para que puedan ejercerlos.<\/p>\n<p>&nbsp;<\/p>\n<p><strong>2. Calificaci\u00f3n del nivel de seguridad respecto al ENS<\/strong><\/p>\n<p>De conformidad con lo dispuesto en el art\u00edculo 1.2 del Real Decreto 3\/2010, de 8 de enero, por el que se regula el Esquema Nacional de Seguridad en el \u00e1mbito de la Administraci\u00f3n Electr\u00f3nica (ENS), IDEAS NORMATIVAS, S. L. asegura el acceso, integridad, disponibilidad, autenticidad, confidencialidad, trazabilidad y conservaci\u00f3n de los datos, informaciones y servicios utilizados en medios electr\u00f3nicos puestos a disposici\u00f3n de TOBEIT, S. L. para la gesti\u00f3n documental relativa al cumplimiento de las normativas de privacidad.<\/p>\n<p>IDEAS NORMATIVAS, S. L. ha valorado el impacto que tendr\u00eda sobre la organizaci\u00f3n un incidente que afectara a la seguridad de la informaci\u00f3n o de los sistemas en base a los criterios analizados por el tratamiento de datos de car\u00e1cter personal en el \u00e1mbito electr\u00f3nico, y ha determinado que la dimensi\u00f3n de seguridad afectada se adscribe al nivel BAJO.<\/p>\n<p>VALENCIA, a 10\/11\/2022<\/p>\n<p>JOS\u00c9 MIGUEL APARICIO SERRANO | B66311341<\/p>\n<p><img loading=\"lazy\" decoding=\"async\" class=\"wp-image-4556 size-medium alignnone\" src=\"https:\/\/tobeit.es\/wp-content\/uploads\/2023\/02\/distintivo_ens_declaracion_BASICA_RD311-2022-247x300.png\" alt=\"distintivo_ens_declaracion_basica_rd311-2022\" width=\"247\" height=\"300\" srcset=\"https:\/\/tobeit.es\/wp-content\/uploads\/2023\/02\/distintivo_ens_declaracion_BASICA_RD311-2022-247x300.png 247w, https:\/\/tobeit.es\/wp-content\/uploads\/2023\/02\/distintivo_ens_declaracion_BASICA_RD311-2022-768x934.png 768w, https:\/\/tobeit.es\/wp-content\/uploads\/2023\/02\/distintivo_ens_declaracion_BASICA_RD311-2022-842x1024.png 842w, https:\/\/tobeit.es\/wp-content\/uploads\/2023\/02\/distintivo_ens_declaracion_BASICA_RD311-2022.png 925w\" sizes=\"auto, (max-width: 247px) 100vw, 247px\" \/><\/p>\n","protected":false},"excerpt":{"rendered":"<p>CERTIFICADO DE CALIFICACI\u00d3N DEL NIVEL DE SEGURIDAD RESPECTO AL ENS &nbsp; JOS\u00c9 MIGUEL APARICIO SERRANO, con NIF 22693106H, en representaci\u00f3n de IDEAS NORMATIVAS, S. L., con NIF B98832330 y domicilio fiscal situado en DR. VICENTE ZARAGOZ\u00c1, 1 . 2 . 5 46020 VALENCIA (Val\u00e8ncia), como empresa consultora de privacidad de TOBEIT, S. L., con NIF [&hellip;]<\/p>\n","protected":false},"author":1,"featured_media":0,"parent":0,"menu_order":0,"comment_status":"closed","ping_status":"closed","template":"templates\/dms-template-new-legal.php","meta":{"footnotes":""},"class_list":["post-4526","page","type-page","status-publish","hentry"],"yoast_head":"<!-- This site is optimized with the Yoast SEO plugin v25.1 - https:\/\/yoast.com\/wordpress\/plugins\/seo\/ -->\n<title>Certificat Seguretat - ToBeIT<\/title>\n<meta name=\"robots\" content=\"noindex, follow\" \/>\n<meta property=\"og:locale\" content=\"ca_ES\" \/>\n<meta property=\"og:type\" content=\"article\" \/>\n<meta property=\"og:title\" content=\"Certificat Seguretat - ToBeIT\" \/>\n<meta property=\"og:description\" content=\"CERTIFICADO DE CALIFICACI\u00d3N DEL NIVEL DE SEGURIDAD RESPECTO AL ENS &nbsp; JOS\u00c9 MIGUEL APARICIO SERRANO, con NIF 22693106H, en representaci\u00f3n de IDEAS NORMATIVAS, S. L., con NIF B98832330 y domicilio fiscal situado en DR. VICENTE ZARAGOZ\u00c1, 1 . 2 . 5 46020 VALENCIA (Val\u00e8ncia), como empresa consultora de privacidad de TOBEIT, S. L., con NIF [&hellip;]\" \/>\n<meta property=\"og:url\" content=\"https:\/\/tobeit.es\/certificado-seguridad\/\" \/>\n<meta property=\"og:site_name\" content=\"ToBeIT\" \/>\n<meta property=\"article:publisher\" content=\"https:\/\/www.facebook.com\/grupotobeit\" \/>\n<meta property=\"article:modified_time\" content=\"2024-04-03T13:08:17+00:00\" \/>\n<meta property=\"og:image\" content=\"https:\/\/tobeit.es\/wp-content\/uploads\/2023\/02\/distintivo_ens_declaracion_BASICA_RD311-2022.png\" \/>\n\t<meta property=\"og:image:width\" content=\"925\" \/>\n\t<meta property=\"og:image:height\" content=\"1125\" \/>\n\t<meta property=\"og:image:type\" content=\"image\/png\" \/>\n<meta name=\"twitter:card\" content=\"summary_large_image\" \/>\n<meta name=\"twitter:label1\" content=\"Temps estimat de lectura\" \/>\n\t<meta name=\"twitter:data1\" content=\"2 minuts\" \/>\n<script type=\"application\/ld+json\" class=\"yoast-schema-graph\">{\"@context\":\"https:\/\/schema.org\",\"@graph\":[{\"@type\":\"WebPage\",\"@id\":\"https:\/\/tobeit.es\/certificado-seguridad\/\",\"url\":\"https:\/\/tobeit.es\/certificado-seguridad\/\",\"name\":\"Certificat Seguretat - ToBeIT\",\"isPartOf\":{\"@id\":\"https:\/\/tobeit.es\/#website\"},\"primaryImageOfPage\":{\"@id\":\"https:\/\/tobeit.es\/certificado-seguridad\/#primaryimage\"},\"image\":{\"@id\":\"https:\/\/tobeit.es\/certificado-seguridad\/#primaryimage\"},\"thumbnailUrl\":\"https:\/\/tobeit.es\/wp-content\/uploads\/2023\/02\/distintivo_ens_declaracion_BASICA_RD311-2022-247x300.png\",\"datePublished\":\"2023-01-30T07:53:41+00:00\",\"dateModified\":\"2024-04-03T13:08:17+00:00\",\"breadcrumb\":{\"@id\":\"https:\/\/tobeit.es\/certificado-seguridad\/#breadcrumb\"},\"inLanguage\":\"ca\",\"potentialAction\":[{\"@type\":\"ReadAction\",\"target\":[\"https:\/\/tobeit.es\/certificado-seguridad\/\"]}]},{\"@type\":\"ImageObject\",\"inLanguage\":\"ca\",\"@id\":\"https:\/\/tobeit.es\/certificado-seguridad\/#primaryimage\",\"url\":\"https:\/\/tobeit.es\/wp-content\/uploads\/2023\/02\/distintivo_ens_declaracion_BASICA_RD311-2022-247x300.png\",\"contentUrl\":\"https:\/\/tobeit.es\/wp-content\/uploads\/2023\/02\/distintivo_ens_declaracion_BASICA_RD311-2022-247x300.png\"},{\"@type\":\"BreadcrumbList\",\"@id\":\"https:\/\/tobeit.es\/certificado-seguridad\/#breadcrumb\",\"itemListElement\":[{\"@type\":\"ListItem\",\"position\":1,\"name\":\"Portada\",\"item\":\"https:\/\/tobeit.es\/\"},{\"@type\":\"ListItem\",\"position\":2,\"name\":\"Certificado Seguridad\"}]},{\"@type\":\"WebSite\",\"@id\":\"https:\/\/tobeit.es\/#website\",\"url\":\"https:\/\/tobeit.es\/\",\"name\":\"ToBeIT\",\"description\":\"Solucions, serveis i seguretat IT\",\"potentialAction\":[{\"@type\":\"SearchAction\",\"target\":{\"@type\":\"EntryPoint\",\"urlTemplate\":\"https:\/\/tobeit.es\/?s={search_term_string}\"},\"query-input\":{\"@type\":\"PropertyValueSpecification\",\"valueRequired\":true,\"valueName\":\"search_term_string\"}}],\"inLanguage\":\"ca\"}]}<\/script>\n<!-- \/ Yoast SEO plugin. -->","yoast_head_json":{"title":"Certificat Seguretat - ToBeIT","robots":{"index":"noindex","follow":"follow"},"og_locale":"ca_ES","og_type":"article","og_title":"Certificat Seguretat - ToBeIT","og_description":"CERTIFICADO DE CALIFICACI\u00d3N DEL NIVEL DE SEGURIDAD RESPECTO AL ENS &nbsp; JOS\u00c9 MIGUEL APARICIO SERRANO, con NIF 22693106H, en representaci\u00f3n de IDEAS NORMATIVAS, S. L., con NIF B98832330 y domicilio fiscal situado en DR. VICENTE ZARAGOZ\u00c1, 1 . 2 . 5 46020 VALENCIA (Val\u00e8ncia), como empresa consultora de privacidad de TOBEIT, S. L., con NIF [&hellip;]","og_url":"https:\/\/tobeit.es\/certificado-seguridad\/","og_site_name":"ToBeIT","article_publisher":"https:\/\/www.facebook.com\/grupotobeit","article_modified_time":"2024-04-03T13:08:17+00:00","og_image":[{"width":925,"height":1125,"url":"https:\/\/tobeit.es\/wp-content\/uploads\/2023\/02\/distintivo_ens_declaracion_BASICA_RD311-2022.png","type":"image\/png"}],"twitter_card":"summary_large_image","twitter_misc":{"Temps estimat de lectura":"2 minuts"},"schema":{"@context":"https:\/\/schema.org","@graph":[{"@type":"WebPage","@id":"https:\/\/tobeit.es\/certificado-seguridad\/","url":"https:\/\/tobeit.es\/certificado-seguridad\/","name":"Certificat Seguretat - ToBeIT","isPartOf":{"@id":"https:\/\/tobeit.es\/#website"},"primaryImageOfPage":{"@id":"https:\/\/tobeit.es\/certificado-seguridad\/#primaryimage"},"image":{"@id":"https:\/\/tobeit.es\/certificado-seguridad\/#primaryimage"},"thumbnailUrl":"https:\/\/tobeit.es\/wp-content\/uploads\/2023\/02\/distintivo_ens_declaracion_BASICA_RD311-2022-247x300.png","datePublished":"2023-01-30T07:53:41+00:00","dateModified":"2024-04-03T13:08:17+00:00","breadcrumb":{"@id":"https:\/\/tobeit.es\/certificado-seguridad\/#breadcrumb"},"inLanguage":"ca","potentialAction":[{"@type":"ReadAction","target":["https:\/\/tobeit.es\/certificado-seguridad\/"]}]},{"@type":"ImageObject","inLanguage":"ca","@id":"https:\/\/tobeit.es\/certificado-seguridad\/#primaryimage","url":"https:\/\/tobeit.es\/wp-content\/uploads\/2023\/02\/distintivo_ens_declaracion_BASICA_RD311-2022-247x300.png","contentUrl":"https:\/\/tobeit.es\/wp-content\/uploads\/2023\/02\/distintivo_ens_declaracion_BASICA_RD311-2022-247x300.png"},{"@type":"BreadcrumbList","@id":"https:\/\/tobeit.es\/certificado-seguridad\/#breadcrumb","itemListElement":[{"@type":"ListItem","position":1,"name":"Portada","item":"https:\/\/tobeit.es\/"},{"@type":"ListItem","position":2,"name":"Certificado Seguridad"}]},{"@type":"WebSite","@id":"https:\/\/tobeit.es\/#website","url":"https:\/\/tobeit.es\/","name":"ToBeIT","description":"Solucions, serveis i seguretat IT","potentialAction":[{"@type":"SearchAction","target":{"@type":"EntryPoint","urlTemplate":"https:\/\/tobeit.es\/?s={search_term_string}"},"query-input":{"@type":"PropertyValueSpecification","valueRequired":true,"valueName":"search_term_string"}}],"inLanguage":"ca"}]}},"_links":{"self":[{"href":"https:\/\/tobeit.es\/ca\/wp-json\/wp\/v2\/pages\/4526","targetHints":{"allow":["GET"]}}],"collection":[{"href":"https:\/\/tobeit.es\/ca\/wp-json\/wp\/v2\/pages"}],"about":[{"href":"https:\/\/tobeit.es\/ca\/wp-json\/wp\/v2\/types\/page"}],"author":[{"embeddable":true,"href":"https:\/\/tobeit.es\/ca\/wp-json\/wp\/v2\/users\/1"}],"replies":[{"embeddable":true,"href":"https:\/\/tobeit.es\/ca\/wp-json\/wp\/v2\/comments?post=4526"}],"version-history":[{"count":10,"href":"https:\/\/tobeit.es\/ca\/wp-json\/wp\/v2\/pages\/4526\/revisions"}],"predecessor-version":[{"id":5638,"href":"https:\/\/tobeit.es\/ca\/wp-json\/wp\/v2\/pages\/4526\/revisions\/5638"}],"wp:attachment":[{"href":"https:\/\/tobeit.es\/ca\/wp-json\/wp\/v2\/media?parent=4526"}],"curies":[{"name":"wp","href":"https:\/\/api.w.org\/{rel}","templated":true}]}}