{"id":6308,"date":"2024-07-31T07:18:56","date_gmt":"2024-07-31T07:18:56","guid":{"rendered":"https:\/\/tobeit.es\/?page_id=6308"},"modified":"2025-09-19T10:53:54","modified_gmt":"2025-09-19T10:53:54","slug":"monitorizacion-con-tobecloud","status":"publish","type":"page","link":"https:\/\/tobeit.es\/en\/monitoring-with-tobecloud\/","title":{"rendered":"ToBeCloud"},"content":{"rendered":"","protected":false},"excerpt":{"rendered":"","protected":false},"author":1,"featured_media":0,"parent":0,"menu_order":0,"comment_status":"closed","ping_status":"closed","template":"templates\/dms-template-new-service.php","meta":{"footnotes":""},"class_list":["post-6308","page","type-page","status-publish","hentry"],"yoast_head":"<!-- This site is optimized with the Yoast SEO plugin v25.1 - https:\/\/yoast.com\/wordpress\/plugins\/seo\/ -->\n<title>Monitorizaci\u00f3n autom\u00e1tica con ToBeCloud de f\u00e1cil y r\u00e1pido despliegue<\/title>\n<meta name=\"description\" content=\"Detecta problemas antes de que afecten tu negocio con ToBeCloud, la soluci\u00f3n de monitorizaci\u00f3n autom\u00e1tica. Accede a nuestra prueba gratuita de 30 d\u00edas.\" \/>\n<meta name=\"robots\" content=\"index, follow, max-snippet:-1, max-image-preview:large, max-video-preview:-1\" \/>\n<link rel=\"canonical\" href=\"https:\/\/tobeit.es\/monitorizacion-con-tobecloud\/\" \/>\n<meta property=\"og:locale\" content=\"en_US\" \/>\n<meta property=\"og:type\" content=\"article\" \/>\n<meta property=\"og:title\" content=\"Monitorizaci\u00f3n autom\u00e1tica con ToBeCloud de f\u00e1cil y r\u00e1pido despliegue\" \/>\n<meta property=\"og:description\" content=\"Detecta problemas antes de que afecten tu negocio con ToBeCloud, la soluci\u00f3n de monitorizaci\u00f3n autom\u00e1tica. Accede a nuestra prueba gratuita de 30 d\u00edas.\" \/>\n<meta property=\"og:url\" content=\"https:\/\/tobeit.es\/monitorizacion-con-tobecloud\/\" \/>\n<meta property=\"og:site_name\" content=\"ToBeIT\" \/>\n<meta property=\"article:publisher\" content=\"https:\/\/www.facebook.com\/grupotobeit\" \/>\n<meta property=\"article:modified_time\" content=\"2025-09-19T10:53:54+00:00\" \/>\n<meta name=\"twitter:card\" content=\"summary_large_image\" \/>\n<script type=\"application\/ld+json\" class=\"yoast-schema-graph\">{\"@context\":\"https:\/\/schema.org\",\"@graph\":[{\"@type\":\"WebPage\",\"@id\":\"https:\/\/tobeit.es\/monitorizacion-con-tobecloud\/\",\"url\":\"https:\/\/tobeit.es\/monitorizacion-con-tobecloud\/\",\"name\":\"Monitorizaci\u00f3n autom\u00e1tica con ToBeCloud de f\u00e1cil y r\u00e1pido despliegue\",\"isPartOf\":{\"@id\":\"https:\/\/tobeit.es\/#website\"},\"datePublished\":\"2024-07-31T07:18:56+00:00\",\"dateModified\":\"2025-09-19T10:53:54+00:00\",\"description\":\"Detecta problemas antes de que afecten tu negocio con ToBeCloud, la soluci\u00f3n de monitorizaci\u00f3n autom\u00e1tica. Accede a nuestra prueba gratuita de 30 d\u00edas.\",\"breadcrumb\":{\"@id\":\"https:\/\/tobeit.es\/monitorizacion-con-tobecloud\/#breadcrumb\"},\"inLanguage\":\"en-US\",\"potentialAction\":[{\"@type\":\"ReadAction\",\"target\":[\"https:\/\/tobeit.es\/monitorizacion-con-tobecloud\/\"]}]},{\"@type\":\"BreadcrumbList\",\"@id\":\"https:\/\/tobeit.es\/monitorizacion-con-tobecloud\/#breadcrumb\",\"itemListElement\":[{\"@type\":\"ListItem\",\"position\":1,\"name\":\"Portada\",\"item\":\"https:\/\/tobeit.es\/\"},{\"@type\":\"ListItem\",\"position\":2,\"name\":\"ToBeCloud\"}]},{\"@type\":\"WebSite\",\"@id\":\"https:\/\/tobeit.es\/#website\",\"url\":\"https:\/\/tobeit.es\/\",\"name\":\"ToBeIT\",\"description\":\"IT solutions, services and security\",\"potentialAction\":[{\"@type\":\"SearchAction\",\"target\":{\"@type\":\"EntryPoint\",\"urlTemplate\":\"https:\/\/tobeit.es\/?s={search_term_string}\"},\"query-input\":{\"@type\":\"PropertyValueSpecification\",\"valueRequired\":true,\"valueName\":\"search_term_string\"}}],\"inLanguage\":\"en-US\"}]}<\/script>\n<!-- \/ Yoast SEO plugin. -->","yoast_head_json":{"title":"Monitorizaci\u00f3n autom\u00e1tica con ToBeCloud de f\u00e1cil y r\u00e1pido despliegue","description":"Detecta problemas antes de que afecten tu negocio con ToBeCloud, la soluci\u00f3n de monitorizaci\u00f3n autom\u00e1tica. Accede a nuestra prueba gratuita de 30 d\u00edas.","robots":{"index":"index","follow":"follow","max-snippet":"max-snippet:-1","max-image-preview":"max-image-preview:large","max-video-preview":"max-video-preview:-1"},"canonical":"https:\/\/tobeit.es\/monitorizacion-con-tobecloud\/","og_locale":"en_US","og_type":"article","og_title":"Monitorizaci\u00f3n autom\u00e1tica con ToBeCloud de f\u00e1cil y r\u00e1pido despliegue","og_description":"Detecta problemas antes de que afecten tu negocio con ToBeCloud, la soluci\u00f3n de monitorizaci\u00f3n autom\u00e1tica. Accede a nuestra prueba gratuita de 30 d\u00edas.","og_url":"https:\/\/tobeit.es\/monitorizacion-con-tobecloud\/","og_site_name":"ToBeIT","article_publisher":"https:\/\/www.facebook.com\/grupotobeit","article_modified_time":"2025-09-19T10:53:54+00:00","twitter_card":"summary_large_image","schema":{"@context":"https:\/\/schema.org","@graph":[{"@type":"WebPage","@id":"https:\/\/tobeit.es\/monitorizacion-con-tobecloud\/","url":"https:\/\/tobeit.es\/monitorizacion-con-tobecloud\/","name":"Monitorizaci\u00f3n autom\u00e1tica con ToBeCloud de f\u00e1cil y r\u00e1pido despliegue","isPartOf":{"@id":"https:\/\/tobeit.es\/#website"},"datePublished":"2024-07-31T07:18:56+00:00","dateModified":"2025-09-19T10:53:54+00:00","description":"Detecta problemas antes de que afecten tu negocio con ToBeCloud, la soluci\u00f3n de monitorizaci\u00f3n autom\u00e1tica. Accede a nuestra prueba gratuita de 30 d\u00edas.","breadcrumb":{"@id":"https:\/\/tobeit.es\/monitorizacion-con-tobecloud\/#breadcrumb"},"inLanguage":"en-US","potentialAction":[{"@type":"ReadAction","target":["https:\/\/tobeit.es\/monitorizacion-con-tobecloud\/"]}]},{"@type":"BreadcrumbList","@id":"https:\/\/tobeit.es\/monitorizacion-con-tobecloud\/#breadcrumb","itemListElement":[{"@type":"ListItem","position":1,"name":"Portada","item":"https:\/\/tobeit.es\/"},{"@type":"ListItem","position":2,"name":"ToBeCloud"}]},{"@type":"WebSite","@id":"https:\/\/tobeit.es\/#website","url":"https:\/\/tobeit.es\/","name":"ToBeIT","description":"IT solutions, services and security","potentialAction":[{"@type":"SearchAction","target":{"@type":"EntryPoint","urlTemplate":"https:\/\/tobeit.es\/?s={search_term_string}"},"query-input":{"@type":"PropertyValueSpecification","valueRequired":true,"valueName":"search_term_string"}}],"inLanguage":"en-US"}]}},"_links":{"self":[{"href":"https:\/\/tobeit.es\/en\/wp-json\/wp\/v2\/pages\/6308","targetHints":{"allow":["GET"]}}],"collection":[{"href":"https:\/\/tobeit.es\/en\/wp-json\/wp\/v2\/pages"}],"about":[{"href":"https:\/\/tobeit.es\/en\/wp-json\/wp\/v2\/types\/page"}],"author":[{"embeddable":true,"href":"https:\/\/tobeit.es\/en\/wp-json\/wp\/v2\/users\/1"}],"replies":[{"embeddable":true,"href":"https:\/\/tobeit.es\/en\/wp-json\/wp\/v2\/comments?post=6308"}],"version-history":[{"count":14,"href":"https:\/\/tobeit.es\/en\/wp-json\/wp\/v2\/pages\/6308\/revisions"}],"predecessor-version":[{"id":33397,"href":"https:\/\/tobeit.es\/en\/wp-json\/wp\/v2\/pages\/6308\/revisions\/33397"}],"wp:attachment":[{"href":"https:\/\/tobeit.es\/en\/wp-json\/wp\/v2\/media?parent=6308"}],"curies":[{"name":"wp","href":"https:\/\/api.w.org\/{rel}","templated":true}]}}