{"id":6334,"date":"2024-07-31T07:23:32","date_gmt":"2024-07-31T07:23:32","guid":{"rendered":"https:\/\/tobeit.es\/?page_id=6334"},"modified":"2025-09-22T06:49:54","modified_gmt":"2025-09-22T06:49:54","slug":"tobealert","status":"publish","type":"page","link":"https:\/\/tobeit.es\/en\/monitoring-and-alerting-system-tobealert\/","title":{"rendered":"TobeAlert"},"content":{"rendered":"<p class=\"qtranxs-available-languages-message qtranxs-available-languages-message-en\">Sorry, this entry is only available in <a href=\"https:\/\/tobeit.es\/es\/wp-json\/wp\/v2\/pages\/6334\" class=\"qtranxs-available-language-link qtranxs-available-language-link-es\" title=\"Espa\u00f1ol\">Espa\u00f1ol<\/a>. For the sake of viewer convenience, the content is shown below in the alternative language. You may click the link to switch the active language.<\/p><p><a href=\"https:\/\/tobealert.com\/\">https:\/\/tobealert.com\/<\/a><a href=\"https:\/\/tobealert.com\/\">https:\/\/tobealert.com\/<\/a><\/p>","protected":false},"excerpt":{"rendered":"<p>Sorry, this entry is only available in Espa\u00f1ol. For the sake of viewer convenience, the content is shown below in the alternative language. You may click the link to switch the active language.https:\/\/tobealert.com\/https:\/\/tobealert.com\/<\/p>\n","protected":false},"author":1,"featured_media":0,"parent":0,"menu_order":0,"comment_status":"closed","ping_status":"closed","template":"templates\/dms-template-new-service.php","meta":{"footnotes":""},"class_list":["post-6334","page","type-page","status-publish","hentry"],"yoast_head":"<!-- This site is optimized with the Yoast SEO plugin v25.1 - https:\/\/yoast.com\/wordpress\/plugins\/seo\/ -->\n<title>Monitorizaci\u00f3n y alertas con ToBeAlert | Alertas IT en tiempo real<\/title>\n<meta name=\"description\" content=\"El sistema de monitorizaci\u00f3n y alertas m\u00e1s \u00e1gil y vers\u00e1til que te permite consolidar y gestionar con rapidez desde una sola vista.\" \/>\n<meta name=\"robots\" content=\"index, follow, max-snippet:-1, max-image-preview:large, max-video-preview:-1\" \/>\n<link rel=\"canonical\" href=\"https:\/\/tobeit.es\/sistema-de-monitorizacion-y-alertas-tobealert\/\" \/>\n<meta property=\"og:locale\" content=\"en_US\" \/>\n<meta property=\"og:type\" content=\"article\" \/>\n<meta property=\"og:title\" content=\"Monitorizaci\u00f3n y alertas con ToBeAlert | Alertas IT en tiempo real\" \/>\n<meta property=\"og:description\" content=\"El sistema de monitorizaci\u00f3n y alertas m\u00e1s \u00e1gil y vers\u00e1til que te permite consolidar y gestionar con rapidez desde una sola vista.\" \/>\n<meta property=\"og:url\" content=\"https:\/\/tobeit.es\/sistema-de-monitorizacion-y-alertas-tobealert\/\" \/>\n<meta property=\"og:site_name\" content=\"ToBeIT\" \/>\n<meta property=\"article:publisher\" content=\"https:\/\/www.facebook.com\/grupotobeit\" \/>\n<meta property=\"article:modified_time\" content=\"2025-09-22T06:49:54+00:00\" \/>\n<meta name=\"twitter:card\" content=\"summary_large_image\" \/>\n<meta name=\"twitter:label1\" content=\"Est. reading time\" \/>\n\t<meta name=\"twitter:data1\" content=\"1 minute\" \/>\n<script type=\"application\/ld+json\" class=\"yoast-schema-graph\">{\"@context\":\"https:\/\/schema.org\",\"@graph\":[{\"@type\":\"WebPage\",\"@id\":\"https:\/\/tobeit.es\/sistema-de-monitorizacion-y-alertas-tobealert\/\",\"url\":\"https:\/\/tobeit.es\/sistema-de-monitorizacion-y-alertas-tobealert\/\",\"name\":\"Monitorizaci\u00f3n y alertas con ToBeAlert | Alertas IT en tiempo real\",\"isPartOf\":{\"@id\":\"https:\/\/tobeit.es\/#website\"},\"datePublished\":\"2024-07-31T07:23:32+00:00\",\"dateModified\":\"2025-09-22T06:49:54+00:00\",\"description\":\"El sistema de monitorizaci\u00f3n y alertas m\u00e1s \u00e1gil y vers\u00e1til que te permite consolidar y gestionar con rapidez desde una sola vista.\",\"breadcrumb\":{\"@id\":\"https:\/\/tobeit.es\/sistema-de-monitorizacion-y-alertas-tobealert\/#breadcrumb\"},\"inLanguage\":\"en-US\",\"potentialAction\":[{\"@type\":\"ReadAction\",\"target\":[\"https:\/\/tobeit.es\/sistema-de-monitorizacion-y-alertas-tobealert\/\"]}]},{\"@type\":\"BreadcrumbList\",\"@id\":\"https:\/\/tobeit.es\/sistema-de-monitorizacion-y-alertas-tobealert\/#breadcrumb\",\"itemListElement\":[{\"@type\":\"ListItem\",\"position\":1,\"name\":\"Portada\",\"item\":\"https:\/\/tobeit.es\/\"},{\"@type\":\"ListItem\",\"position\":2,\"name\":\"ToBeAlert\"}]},{\"@type\":\"WebSite\",\"@id\":\"https:\/\/tobeit.es\/#website\",\"url\":\"https:\/\/tobeit.es\/\",\"name\":\"ToBeIT\",\"description\":\"IT solutions, services and security\",\"potentialAction\":[{\"@type\":\"SearchAction\",\"target\":{\"@type\":\"EntryPoint\",\"urlTemplate\":\"https:\/\/tobeit.es\/?s={search_term_string}\"},\"query-input\":{\"@type\":\"PropertyValueSpecification\",\"valueRequired\":true,\"valueName\":\"search_term_string\"}}],\"inLanguage\":\"en-US\"}]}<\/script>\n<!-- \/ Yoast SEO plugin. -->","yoast_head_json":{"title":"Monitorizaci\u00f3n y alertas con ToBeAlert | Alertas IT en tiempo real","description":"El sistema de monitorizaci\u00f3n y alertas m\u00e1s \u00e1gil y vers\u00e1til que te permite consolidar y gestionar con rapidez desde una sola vista.","robots":{"index":"index","follow":"follow","max-snippet":"max-snippet:-1","max-image-preview":"max-image-preview:large","max-video-preview":"max-video-preview:-1"},"canonical":"https:\/\/tobeit.es\/sistema-de-monitorizacion-y-alertas-tobealert\/","og_locale":"en_US","og_type":"article","og_title":"Monitorizaci\u00f3n y alertas con ToBeAlert | Alertas IT en tiempo real","og_description":"El sistema de monitorizaci\u00f3n y alertas m\u00e1s \u00e1gil y vers\u00e1til que te permite consolidar y gestionar con rapidez desde una sola vista.","og_url":"https:\/\/tobeit.es\/sistema-de-monitorizacion-y-alertas-tobealert\/","og_site_name":"ToBeIT","article_publisher":"https:\/\/www.facebook.com\/grupotobeit","article_modified_time":"2025-09-22T06:49:54+00:00","twitter_card":"summary_large_image","twitter_misc":{"Est. reading time":"1 minute"},"schema":{"@context":"https:\/\/schema.org","@graph":[{"@type":"WebPage","@id":"https:\/\/tobeit.es\/sistema-de-monitorizacion-y-alertas-tobealert\/","url":"https:\/\/tobeit.es\/sistema-de-monitorizacion-y-alertas-tobealert\/","name":"Monitorizaci\u00f3n y alertas con ToBeAlert | Alertas IT en tiempo real","isPartOf":{"@id":"https:\/\/tobeit.es\/#website"},"datePublished":"2024-07-31T07:23:32+00:00","dateModified":"2025-09-22T06:49:54+00:00","description":"El sistema de monitorizaci\u00f3n y alertas m\u00e1s \u00e1gil y vers\u00e1til que te permite consolidar y gestionar con rapidez desde una sola vista.","breadcrumb":{"@id":"https:\/\/tobeit.es\/sistema-de-monitorizacion-y-alertas-tobealert\/#breadcrumb"},"inLanguage":"en-US","potentialAction":[{"@type":"ReadAction","target":["https:\/\/tobeit.es\/sistema-de-monitorizacion-y-alertas-tobealert\/"]}]},{"@type":"BreadcrumbList","@id":"https:\/\/tobeit.es\/sistema-de-monitorizacion-y-alertas-tobealert\/#breadcrumb","itemListElement":[{"@type":"ListItem","position":1,"name":"Portada","item":"https:\/\/tobeit.es\/"},{"@type":"ListItem","position":2,"name":"ToBeAlert"}]},{"@type":"WebSite","@id":"https:\/\/tobeit.es\/#website","url":"https:\/\/tobeit.es\/","name":"ToBeIT","description":"IT solutions, services and security","potentialAction":[{"@type":"SearchAction","target":{"@type":"EntryPoint","urlTemplate":"https:\/\/tobeit.es\/?s={search_term_string}"},"query-input":{"@type":"PropertyValueSpecification","valueRequired":true,"valueName":"search_term_string"}}],"inLanguage":"en-US"}]}},"_links":{"self":[{"href":"https:\/\/tobeit.es\/en\/wp-json\/wp\/v2\/pages\/6334","targetHints":{"allow":["GET"]}}],"collection":[{"href":"https:\/\/tobeit.es\/en\/wp-json\/wp\/v2\/pages"}],"about":[{"href":"https:\/\/tobeit.es\/en\/wp-json\/wp\/v2\/types\/page"}],"author":[{"embeddable":true,"href":"https:\/\/tobeit.es\/en\/wp-json\/wp\/v2\/users\/1"}],"replies":[{"embeddable":true,"href":"https:\/\/tobeit.es\/en\/wp-json\/wp\/v2\/comments?post=6334"}],"version-history":[{"count":23,"href":"https:\/\/tobeit.es\/en\/wp-json\/wp\/v2\/pages\/6334\/revisions"}],"predecessor-version":[{"id":33446,"href":"https:\/\/tobeit.es\/en\/wp-json\/wp\/v2\/pages\/6334\/revisions\/33446"}],"wp:attachment":[{"href":"https:\/\/tobeit.es\/en\/wp-json\/wp\/v2\/media?parent=6334"}],"curies":[{"name":"wp","href":"https:\/\/api.w.org\/{rel}","templated":true}]}}